{"id":1845,"date":"2023-01-08T17:02:41","date_gmt":"2023-01-08T17:02:41","guid":{"rendered":"https:\/\/mistraloffshore.com\/?page_id=1845"},"modified":"2023-01-08T17:46:05","modified_gmt":"2023-01-08T17:46:05","slug":"cookies-policy","status":"publish","type":"page","link":"https:\/\/mistraloffshore.com\/es\/cookies-policy\/","title":{"rendered":"Politica de Cookies"},"content":{"rendered":"<ol class=\"wp-block-list\" type=\"1\">\n<li><strong><u>\u00bfQUE SON LAS COOKIES?<\/u><\/strong><\/li>\n<\/ol>\n\n\n\n<p>Las cookies son peque\u00f1os archivos de datos que se reciben en el terminal desde el sitio web visitado y se usan para registrar ciertas interacciones de la navegaci\u00f3n en un sitio web almacenando datos que podr\u00e1n ser actualizados y recuperados. Estos archivos se almacenan en el ordenador del usuario y contiene datos an\u00f3nimos que no son perjudiciales para su equipo. Se utilizan para recordar las preferencias del usuario, como el idioma seleccionado, datos de acceso o personalizaci\u00f3n de la p\u00e1gina.<\/p>\n\n\n\n<p>Las cookies tambi\u00e9n pueden ser utilizadas para registrar informaci\u00f3n an\u00f3nima sobre c\u00f3mo un visitante utiliza un sitio. Por ejemplo, desde qu\u00e9 p\u00e1gina web ha accedido, o si ha utilizado un \"banner\" publicitario para llegar.<\/p>\n\n\n\n<ol class=\"wp-block-list\" start=\"2\">\n<li><strong><u>\u00bfPOR QUE UTILIZAMOS COOKIES?<\/u><\/strong><\/li>\n<\/ol>\n\n\n\n<p class=\"translation-block\">https:\/\/mistraloffshore.com\/ utiliza cookies estrictamente necesarias y esenciales para que utilice nuestros sitios web y le permitan moverse libremente, utilizar \u00e1reas seguras, opciones personalizadas, etc. Adem\u00e1s, https:\/\/mistraloffshore.com\/ utiliza cookies que recogen datos relativos al an\u00e1lisis de uso de la web. Estas se utilizan para ayudar a mejorar el servicio al cliente, midiendo el uso y el rendimiento de la p\u00e1gina, para optimizarla y personalizarla.<\/p>\n\n\n\n<p class=\"translation-block\">Nuestros sitios tambi\u00e9n pueden tener enlaces de redes sociales (como Facebook o Twitter). https:\/\/mistraloffshore.com\/ no controla las cookies utilizadas por estas webs externas.<\/p>\n\n\n\n<p>Para m\u00e1s informaci\u00f3n sobre las cookies de las redes sociales u otras Webs ajenas, aconsejamos revisar sus propias pol\u00edticas de cookies.<\/p>\n\n\n\n<p><span style=\"text-decoration: underline;\">Este sitio web utiliza \"cookies\" de la siguiente manera:<\/span><\/p>\n\n\n\n<ul class=\"wp-block-list\">\n<li class=\"translation-block\">Cookies de aplicaci\u00f3n \"Add-this\": Add-this es un servicio gratuito que le permite compartir p\u00e1ginas de este sitio web por diferentes medios (correo electr\u00f3nico, redes sociales, etc.). Add-his recoge informaci\u00f3n estad\u00edstica de su navegaci\u00f3n para proporcionar publicidad adaptada a sus h\u00e1bitos de navegaci\u00f3n en este sitio web o en cualquier otro lugar.<\/li>\n\n\n\n<li><span style=\"text-decoration: underline;\">\u201cAdd-this\u201d application cookies<\/span>:&nbsp;Add-this is a free service that allows you to share pages from this website through different means (email, social networks, etc.). Add-This compiles statistical information on your navigation to provide advertising tailored to your browsing habits on this website or elsewhere.<\/li>\n<\/ul>\n\n\n\n<ol class=\"wp-block-list\" start=\"3\">\n<li><strong><u>\u00bfQUE USO LE DAMOS A LOS DIFERENTES TIPOS DE COOKIES?<\/u><\/strong><\/li>\n<\/ol>\n\n\n\n<p>Seg\u00fan su finalidad:<\/p>\n\n\n\n<ul class=\"wp-block-list\">\n<li class=\"translation-block\">Cookies t\u00e9cnicas: Las cookies t\u00e9cnicas son aquellas imprescindibles y estrictamente necesarias para el correcto funcionamiento de un portal web y la utilizaci\u00f3n de las diferentes opciones y servicios que ofrece. Por ejemplo, las que sirven para el mantenimiento de la sesi\u00f3n, la gesti\u00f3n del tiempo de respuesta, rendimiento o validaci\u00f3n de opciones, utilizar elementos de seguridad, compartir contenido con redes sociales, etc.<\/li>\n\n\n\n<li class=\"translation-block\">Cookies de personalizaci\u00f3n: Estas cookies permiten al usuario especificar o personalizar algunas caracter\u00edsticas de las opciones generales de la p\u00e1gina web, por ejemplo, definir el idioma, configuraci\u00f3n regional o tipo de navegador.<\/li>\n\n\n\n<li class=\"translation-block\">Cookies anal\u00edticas: Las cookies anal\u00edticas son las utilizadas por nuestro portal web, para elaborar perfiles navegaci\u00f3n y poder conocer las preferencias de los usuarios del mismo con el fin de mejorar la oferta de productos y servicios. Por ejemplo, mediante una cookie anal\u00edtica se controlar\u00edan las \u00e1reas geogr\u00e1ficas de mayor inter\u00e9s de un usuario, cu\u00e1l es el producto de m\u00e1s aceptaci\u00f3n, etc.<\/li>\n\n\n\n<li class=\"translation-block\">Cookies publicitarias\/de publicidad: Las cookies publicitarias permiten la gesti\u00f3n de los espacios publicitarios en base a criterios concretos. Por ejemplo, la frecuencia de acceso, el contenido editado, etc. Las cookies de publicidad permiten a trav\u00e9s de la gesti\u00f3n de la publicidad almacenar informaci\u00f3n del comportamiento a trav\u00e9s de la observaci\u00f3n de h\u00e1bitos, estudiando los accesos y formando un perfil de preferencias del usuario, para ofrecer publicidad relacionada con los intereses de su perfil.<\/li>\n<\/ul>\n\n\n\n<p><span style=\"text-decoration: underline;\">Seg\u00fan su finalidad:&nbsp;<\/span><\/p>\n\n\n\n<ul class=\"wp-block-list\">\n<li class=\"translation-block\">Cookies de sesi\u00f3n: Las cookies de sesi\u00f3n son aquellas que duran el tiempo que el usuario est\u00e1 navegando por la p\u00e1gina web y se borran al t\u00e9rmino.<\/li>\n\n\n\n<li class=\"translation-block\">Cookies persistentes: Estas cookies quedan almacenadas en el terminal del usuario, por un tiempo m\u00e1s largo, facilitando as\u00ed el control de las preferencias elegidas sin tener que repetir ciertos par\u00e1metros cada vez que se visite el sitio web.<\/li>\n<\/ul>\n\n\n\n<p><strong>4.&nbsp;<u>\u00bfY SI NO QUIERO TENER ESTAS COOKIES O NO HAGO NADA AL RESPECTO?<\/u><\/strong><\/p>\n\n\n\n<p>Para cumplir con la legislaci\u00f3n vigente, tenemos que pedir su permiso para gestionar cookies. Si decide no autorizar el tratamiento indicando la no conformidad, s\u00f3lo utilizar\u00edamos las cookies t\u00e9cnicas, ya que son imprescindibles para la navegaci\u00f3n por nuestra web. En este caso, no se almacena ninguna cookie. En el caso de seguir navegando por nuestro sitio web sin denegar su autorizaci\u00f3n implica que acepta su uso.<\/p>\n\n\n\n<p>Tenga en cuenta que, si rechaza o borra las cookies de navegaci\u00f3n por la Web, no podremos mantener sus preferencias, algunas caracter\u00edsticas de las p\u00e1ginas no estar\u00e1n operativas, no podremos ofrecerle servicios personalizados y cada vez que vaya a navegar por nuestra web tendremos que solicitar de nuevo su autorizaci\u00f3n para el uso de cookies.<\/p>\n\n\n\n<p>Si a\u00fan as\u00ed, decide modificar la configuraci\u00f3n de su acceso a la p\u00e1gina web, debe saber que es posible eliminar las cookies o impedir que se registre esta informaci\u00f3n en su equipo en cualquier momento mediante la modificaci\u00f3n de los par\u00e1metros de configuraci\u00f3n de su navegador:<\/p>\n\n\n\n<ul class=\"wp-block-list\">\n<li><a href=\"https:\/\/support.microsoft.com\/es-es\/help\/17442\/windows-internet-explorer-delete-manage-cookies\">Configuraci\u00f3n de cookies de Internet Explorer.<\/a><\/li>\n\n\n\n<li><a href=\"https:\/\/support.mozilla.org\/es\/kb\/habilitar-y-deshabilitar-cookies-sitios-web-rastrear-preferencias\">Configuraci\u00f3n de cookies de Firefox.<\/a><\/li>\n\n\n\n<li><a href=\"https:\/\/support.google.com\/chrome\/answer\/95647?co=GENIE.Platform%3DDesktop&amp;hl=es-419\">Configuraci\u00f3n de cookies de Google Chrome.<\/a><\/li>\n\n\n\n<li><a href=\"https:\/\/support.apple.com\/es-es\/guide\/safari\/sfri11471\/mac\">Configuraci\u00f3n de cookies de Safari.<\/a><\/li>\n<\/ul>\n\n\n\n<p>Estos navegadores est\u00e1n sometidos a cambios o modificaciones, por lo que no podemos garantizar que se ajusten completamente a la versi\u00f3n de su navegador. Tambi\u00e9n puede ser que utilice otro navegador no contemplado en estos enlaces como Konqueror, Arora, Flock, etc. Para evitar estos desajustes, puede acceder directamente desde las opciones de su navegador que se encuentra generalmente en el men\u00fa de Opciones, en la secci\u00f3n de \"Privacidad\". (Por favor, consulte la ayuda de su navegador para m\u00e1s informaci\u00f3n.)<\/p>\n\n\n\n<p><strong>5.&nbsp;<u>\u00bfDONDE PUEDO OBTENER M\u00c1S INFORMACION?<\/u><\/strong><\/p>\n\n\n\n<p>Puedes encontrar m\u00e1s informaci\u00f3n sobre cookies en:<\/p>\n\n\n\n<p><a href=\"http:\/\/www.allaboutcookies.org\/\">www.allaboutcookies.org<\/a>&nbsp;o&nbsp;<a href=\"http:\/\/www.youronlinecho\">www.youronlinechoices.eu.<\/a><\/p>","protected":false},"excerpt":{"rendered":"<p>Cookies are small files of data that are received in the terminal from the visited website and are used to register certain interactions of the navigation in a website storing data that can be updated and recovered. These files are stored on the user\u2019s computer and contain anonymous data that is not detrimental to your [&hellip;]<\/p>\n","protected":false},"author":1,"featured_media":0,"parent":0,"menu_order":0,"comment_status":"closed","ping_status":"closed","template":"","meta":{"nf_dc_page":"","_monsterinsights_skip_tracking":false,"_monsterinsights_sitenote_active":false,"_monsterinsights_sitenote_note":"","_monsterinsights_sitenote_category":0,"site-sidebar-layout":"default","site-content-layout":"","ast-site-content-layout":"default","site-content-style":"default","site-sidebar-style":"default","ast-global-header-display":"","ast-banner-title-visibility":"","ast-main-header-display":"","ast-hfb-above-header-display":"","ast-hfb-below-header-display":"","ast-hfb-mobile-header-display":"","site-post-title":"","ast-breadcrumbs-content":"","ast-featured-img":"","footer-sml-layout":"","ast-disable-related-posts":"","theme-transparent-header-meta":"","adv-header-id-meta":"","stick-header-meta":"","header-above-stick-meta":"","header-main-stick-meta":"","header-below-stick-meta":"","astra-migrate-meta-layouts":"default","ast-page-background-enabled":"default","ast-page-background-meta":{"desktop":{"background-color":"var(--ast-global-color-4)","background-image":"","background-repeat":"repeat","background-position":"center center","background-size":"auto","background-attachment":"scroll","background-type":"","background-media":"","overlay-type":"","overlay-color":"","overlay-opacity":"","overlay-gradient":""},"tablet":{"background-color":"","background-image":"","background-repeat":"repeat","background-position":"center center","background-size":"auto","background-attachment":"scroll","background-type":"","background-media":"","overlay-type":"","overlay-color":"","overlay-opacity":"","overlay-gradient":""},"mobile":{"background-color":"","background-image":"","background-repeat":"repeat","background-position":"center center","background-size":"auto","background-attachment":"scroll","background-type":"","background-media":"","overlay-type":"","overlay-color":"","overlay-opacity":"","overlay-gradient":""}},"ast-content-background-meta":{"desktop":{"background-color":"var(--ast-global-color-5)","background-image":"","background-repeat":"repeat","background-position":"center center","background-size":"auto","background-attachment":"scroll","background-type":"","background-media":"","overlay-type":"","overlay-color":"","overlay-opacity":"","overlay-gradient":""},"tablet":{"background-color":"var(--ast-global-color-5)","background-image":"","background-repeat":"repeat","background-position":"center center","background-size":"auto","background-attachment":"scroll","background-type":"","background-media":"","overlay-type":"","overlay-color":"","overlay-opacity":"","overlay-gradient":""},"mobile":{"background-color":"var(--ast-global-color-5)","background-image":"","background-repeat":"repeat","background-position":"center center","background-size":"auto","background-attachment":"scroll","background-type":"","background-media":"","overlay-type":"","overlay-color":"","overlay-opacity":"","overlay-gradient":""}},"footnotes":""},"class_list":["post-1845","page","type-page","status-publish","hentry"],"yoast_head":"<!-- This site is optimized with the Yoast SEO plugin v27.4 - https:\/\/yoast.com\/product\/yoast-seo-wordpress\/ -->\n<title>Cookies Policy - Mistral Offshore<\/title>\n<meta name=\"robots\" content=\"index, follow, max-snippet:-1, max-image-preview:large, max-video-preview:-1\" \/>\n<link rel=\"canonical\" href=\"https:\/\/mistraloffshore.com\/es\/cookies-policy\/\" \/>\n<meta property=\"og:locale\" content=\"es_ES\" \/>\n<meta property=\"og:type\" content=\"article\" \/>\n<meta property=\"og:title\" content=\"Cookies Policy - Mistral Offshore\" \/>\n<meta property=\"og:description\" content=\"Cookies are small files of data that are received in the terminal from the visited website and are used to register certain interactions of the navigation in a website storing data that can be updated and recovered. These files are stored on the user\u2019s computer and contain anonymous data that is not detrimental to your [&hellip;]\" \/>\n<meta property=\"og:url\" content=\"https:\/\/mistraloffshore.com\/es\/cookies-policy\/\" \/>\n<meta property=\"og:site_name\" content=\"Mistral Offshore\" \/>\n<meta property=\"article:modified_time\" content=\"2023-01-08T17:46:05+00:00\" \/>\n<meta name=\"twitter:card\" content=\"summary_large_image\" \/>\n<meta name=\"twitter:label1\" content=\"Tiempo de lectura\" \/>\n\t<meta name=\"twitter:data1\" content=\"4 minutos\" \/>\n<script type=\"application\/ld+json\" class=\"yoast-schema-graph\">{\"@context\":\"https:\\\/\\\/schema.org\",\"@graph\":[{\"@type\":\"WebPage\",\"@id\":\"https:\\\/\\\/mistraloffshore.com\\\/cookies-policy\\\/\",\"url\":\"https:\\\/\\\/mistraloffshore.com\\\/cookies-policy\\\/\",\"name\":\"Cookies Policy - Mistral Offshore\",\"isPartOf\":{\"@id\":\"https:\\\/\\\/mistraloffshore.com\\\/#website\"},\"datePublished\":\"2023-01-08T17:02:41+00:00\",\"dateModified\":\"2023-01-08T17:46:05+00:00\",\"breadcrumb\":{\"@id\":\"https:\\\/\\\/mistraloffshore.com\\\/cookies-policy\\\/#breadcrumb\"},\"inLanguage\":\"es\",\"potentialAction\":[{\"@type\":\"ReadAction\",\"target\":[\"https:\\\/\\\/mistraloffshore.com\\\/cookies-policy\\\/\"]}]},{\"@type\":\"BreadcrumbList\",\"@id\":\"https:\\\/\\\/mistraloffshore.com\\\/cookies-policy\\\/#breadcrumb\",\"itemListElement\":[{\"@type\":\"ListItem\",\"position\":1,\"name\":\"Home\",\"item\":\"https:\\\/\\\/mistraloffshore.com\\\/\"},{\"@type\":\"ListItem\",\"position\":2,\"name\":\"Cookies Policy\"}]},{\"@type\":\"WebSite\",\"@id\":\"https:\\\/\\\/mistraloffshore.com\\\/#website\",\"url\":\"https:\\\/\\\/mistraloffshore.com\\\/\",\"name\":\"Mistral Offshore\",\"description\":\"Navigating Offshore Energy\",\"publisher\":{\"@id\":\"https:\\\/\\\/mistraloffshore.com\\\/#organization\"},\"potentialAction\":[{\"@type\":\"SearchAction\",\"target\":{\"@type\":\"EntryPoint\",\"urlTemplate\":\"https:\\\/\\\/mistraloffshore.com\\\/?s={search_term_string}\"},\"query-input\":{\"@type\":\"PropertyValueSpecification\",\"valueRequired\":true,\"valueName\":\"search_term_string\"}}],\"inLanguage\":\"es\"},{\"@type\":\"Organization\",\"@id\":\"https:\\\/\\\/mistraloffshore.com\\\/#organization\",\"name\":\"Mistral Offshore\",\"url\":\"https:\\\/\\\/mistraloffshore.com\\\/\",\"logo\":{\"@type\":\"ImageObject\",\"inLanguage\":\"es\",\"@id\":\"https:\\\/\\\/mistraloffshore.com\\\/#\\\/schema\\\/logo\\\/image\\\/\",\"url\":\"https:\\\/\\\/i0.wp.com\\\/mistraloffshore.com\\\/wp-content\\\/uploads\\\/2023\\\/09\\\/cropped-cropped-logo-01-1-e1693899117307.png?fit=566%2C344&ssl=1\",\"contentUrl\":\"https:\\\/\\\/i0.wp.com\\\/mistraloffshore.com\\\/wp-content\\\/uploads\\\/2023\\\/09\\\/cropped-cropped-logo-01-1-e1693899117307.png?fit=566%2C344&ssl=1\",\"width\":566,\"height\":344,\"caption\":\"Mistral Offshore\"},\"image\":{\"@id\":\"https:\\\/\\\/mistraloffshore.com\\\/#\\\/schema\\\/logo\\\/image\\\/\"}}]}<\/script>\n<!-- \/ Yoast SEO plugin. -->","yoast_head_json":{"title":"Cookies Policy - Mistral Offshore","robots":{"index":"index","follow":"follow","max-snippet":"max-snippet:-1","max-image-preview":"max-image-preview:large","max-video-preview":"max-video-preview:-1"},"canonical":"https:\/\/mistraloffshore.com\/es\/cookies-policy\/","og_locale":"es_ES","og_type":"article","og_title":"Cookies Policy - Mistral Offshore","og_description":"Cookies are small files of data that are received in the terminal from the visited website and are used to register certain interactions of the navigation in a website storing data that can be updated and recovered. These files are stored on the user\u2019s computer and contain anonymous data that is not detrimental to your [&hellip;]","og_url":"https:\/\/mistraloffshore.com\/es\/cookies-policy\/","og_site_name":"Mistral Offshore","article_modified_time":"2023-01-08T17:46:05+00:00","twitter_card":"summary_large_image","twitter_misc":{"Tiempo de lectura":"4 minutos"},"schema":{"@context":"https:\/\/schema.org","@graph":[{"@type":"WebPage","@id":"https:\/\/mistraloffshore.com\/cookies-policy\/","url":"https:\/\/mistraloffshore.com\/cookies-policy\/","name":"Cookies Policy - Mistral Offshore","isPartOf":{"@id":"https:\/\/mistraloffshore.com\/#website"},"datePublished":"2023-01-08T17:02:41+00:00","dateModified":"2023-01-08T17:46:05+00:00","breadcrumb":{"@id":"https:\/\/mistraloffshore.com\/cookies-policy\/#breadcrumb"},"inLanguage":"es","potentialAction":[{"@type":"ReadAction","target":["https:\/\/mistraloffshore.com\/cookies-policy\/"]}]},{"@type":"BreadcrumbList","@id":"https:\/\/mistraloffshore.com\/cookies-policy\/#breadcrumb","itemListElement":[{"@type":"ListItem","position":1,"name":"Home","item":"https:\/\/mistraloffshore.com\/"},{"@type":"ListItem","position":2,"name":"Cookies Policy"}]},{"@type":"WebSite","@id":"https:\/\/mistraloffshore.com\/#website","url":"https:\/\/mistraloffshore.com\/","name":"Mistral Offshore","description":"Navigating Offshore Energy","publisher":{"@id":"https:\/\/mistraloffshore.com\/#organization"},"potentialAction":[{"@type":"SearchAction","target":{"@type":"EntryPoint","urlTemplate":"https:\/\/mistraloffshore.com\/?s={search_term_string}"},"query-input":{"@type":"PropertyValueSpecification","valueRequired":true,"valueName":"search_term_string"}}],"inLanguage":"es"},{"@type":"Organization","@id":"https:\/\/mistraloffshore.com\/#organization","name":"Mistral Offshore","url":"https:\/\/mistraloffshore.com\/","logo":{"@type":"ImageObject","inLanguage":"es","@id":"https:\/\/mistraloffshore.com\/#\/schema\/logo\/image\/","url":"https:\/\/i0.wp.com\/mistraloffshore.com\/wp-content\/uploads\/2023\/09\/cropped-cropped-logo-01-1-e1693899117307.png?fit=566%2C344&ssl=1","contentUrl":"https:\/\/i0.wp.com\/mistraloffshore.com\/wp-content\/uploads\/2023\/09\/cropped-cropped-logo-01-1-e1693899117307.png?fit=566%2C344&ssl=1","width":566,"height":344,"caption":"Mistral Offshore"},"image":{"@id":"https:\/\/mistraloffshore.com\/#\/schema\/logo\/image\/"}}]}},"jetpack_sharing_enabled":true,"_links":{"self":[{"href":"https:\/\/mistraloffshore.com\/es\/wp-json\/wp\/v2\/pages\/1845","targetHints":{"allow":["GET"]}}],"collection":[{"href":"https:\/\/mistraloffshore.com\/es\/wp-json\/wp\/v2\/pages"}],"about":[{"href":"https:\/\/mistraloffshore.com\/es\/wp-json\/wp\/v2\/types\/page"}],"author":[{"embeddable":true,"href":"https:\/\/mistraloffshore.com\/es\/wp-json\/wp\/v2\/users\/1"}],"replies":[{"embeddable":true,"href":"https:\/\/mistraloffshore.com\/es\/wp-json\/wp\/v2\/comments?post=1845"}],"version-history":[{"count":2,"href":"https:\/\/mistraloffshore.com\/es\/wp-json\/wp\/v2\/pages\/1845\/revisions"}],"predecessor-version":[{"id":1854,"href":"https:\/\/mistraloffshore.com\/es\/wp-json\/wp\/v2\/pages\/1845\/revisions\/1854"}],"wp:attachment":[{"href":"https:\/\/mistraloffshore.com\/es\/wp-json\/wp\/v2\/media?parent=1845"}],"curies":[{"name":"wp","href":"https:\/\/api.w.org\/{rel}","templated":true}]}}