{"id":1710,"date":"2021-11-21T15:14:19","date_gmt":"2021-11-21T15:14:19","guid":{"rendered":"https:\/\/mistraloffshore.com\/about\/"},"modified":"2023-01-08T23:00:00","modified_gmt":"2023-01-08T23:00:00","slug":"about","status":"publish","type":"page","link":"https:\/\/mistraloffshore.com\/es\/about\/","title":{"rendered":"NOSOTROS"},"content":{"rendered":"<div data-elementor-type=\"wp-page\" data-elementor-id=\"1710\" class=\"elementor elementor-1710\">\n\t\t\t\t\t\t<section class=\"elementor-section elementor-top-section elementor-element elementor-element-3447f83 elementor-section-height-min-height elementor-section-boxed elementor-section-height-default elementor-section-items-middle\" data-id=\"3447f83\" data-element_type=\"section\" data-e-type=\"section\" data-settings=\"{&quot;background_background&quot;:&quot;classic&quot;}\">\n\t\t\t\t\t\t<div class=\"elementor-container elementor-column-gap-default\">\n\t\t\t\t\t<div class=\"elementor-column elementor-col-100 elementor-top-column elementor-element elementor-element-b3a35f8\" data-id=\"b3a35f8\" data-element_type=\"column\" data-e-type=\"column\">\n\t\t\t<div class=\"elementor-widget-wrap elementor-element-populated\">\n\t\t\t\t\t\t<div class=\"elementor-element elementor-element-32eb271 elementor-widget elementor-widget-heading\" data-id=\"32eb271\" data-element_type=\"widget\" data-e-type=\"widget\" data-widget_type=\"heading.default\">\n\t\t\t\t<div class=\"elementor-widget-container\">\n\t\t\t\t\t<h1 class=\"elementor-heading-title elementor-size-default\">Quienes somos<\/h1>\t\t\t\t<\/div>\n\t\t\t\t<\/div>\n\t\t\t\t\t<\/div>\n\t\t<\/div>\n\t\t\t\t\t<\/div>\n\t\t<\/section>\n\t\t\t\t<section class=\"elementor-section elementor-top-section elementor-element elementor-element-460970c elementor-section-boxed elementor-section-height-default elementor-section-height-default\" data-id=\"460970c\" data-element_type=\"section\" data-e-type=\"section\">\n\t\t\t\t\t\t<div class=\"elementor-container elementor-column-gap-wide\">\n\t\t\t\t\t<div class=\"elementor-column elementor-col-50 elementor-top-column elementor-element elementor-element-21f68a6\" data-id=\"21f68a6\" data-element_type=\"column\" data-e-type=\"column\">\n\t\t\t<div class=\"elementor-widget-wrap elementor-element-populated\">\n\t\t\t\t\t\t<div class=\"elementor-element elementor-element-670e6d2 elementor-widget elementor-widget-image\" data-id=\"670e6d2\" data-element_type=\"widget\" data-e-type=\"widget\" data-widget_type=\"image.default\">\n\t\t\t\t<div class=\"elementor-widget-container\">\n\t\t\t\t\t\t\t\t\t\t\t\t\t\t\t<img fetchpriority=\"high\" decoding=\"async\" width=\"1024\" height=\"682\" src=\"https:\/\/i0.wp.com\/mistraloffshore.com\/wp-content\/uploads\/2023\/01\/wave-transparent-smashing-2049985-jpg.webp?fit=1024%2C682&amp;ssl=1\" class=\"attachment-large size-large wp-image-1877\" alt=\"wave, transparent, smashing-2049985.jpg\" srcset=\"https:\/\/i0.wp.com\/mistraloffshore.com\/wp-content\/uploads\/2023\/01\/wave-transparent-smashing-2049985-jpg.webp?w=1280&amp;ssl=1 1280w, https:\/\/i0.wp.com\/mistraloffshore.com\/wp-content\/uploads\/2023\/01\/wave-transparent-smashing-2049985-jpg.webp?resize=300%2C200&amp;ssl=1 300w, https:\/\/i0.wp.com\/mistraloffshore.com\/wp-content\/uploads\/2023\/01\/wave-transparent-smashing-2049985-jpg.webp?resize=1024%2C682&amp;ssl=1 1024w, https:\/\/i0.wp.com\/mistraloffshore.com\/wp-content\/uploads\/2023\/01\/wave-transparent-smashing-2049985-jpg.webp?resize=768%2C512&amp;ssl=1 768w, https:\/\/i0.wp.com\/mistraloffshore.com\/wp-content\/uploads\/2023\/01\/wave-transparent-smashing-2049985-jpg.webp?resize=18%2C12&amp;ssl=1 18w\" sizes=\"(max-width: 1024px) 100vw, 1024px\" \/>\t\t\t\t\t\t\t\t\t\t\t\t\t\t\t<\/div>\n\t\t\t\t<\/div>\n\t\t\t\t\t<\/div>\n\t\t<\/div>\n\t\t\t\t<div class=\"elementor-column elementor-col-50 elementor-top-column elementor-element elementor-element-bc42c60\" data-id=\"bc42c60\" data-element_type=\"column\" data-e-type=\"column\">\n\t\t\t<div class=\"elementor-widget-wrap elementor-element-populated\">\n\t\t\t\t\t\t<div class=\"elementor-element elementor-element-0073403 elementor-widget elementor-widget-heading\" data-id=\"0073403\" data-element_type=\"widget\" data-e-type=\"widget\" data-widget_type=\"heading.default\">\n\t\t\t\t<div class=\"elementor-widget-container\">\n\t\t\t\t\t<h2 class=\"elementor-heading-title elementor-size-default\">Nuestra Misi\u00f3n<\/h2>\t\t\t\t<\/div>\n\t\t\t\t<\/div>\n\t\t\t\t<div class=\"elementor-element elementor-element-60241e2 elementor-widget elementor-widget-text-editor\" data-id=\"60241e2\" data-element_type=\"widget\" data-e-type=\"widget\" data-widget_type=\"text-editor.default\">\n\t\t\t\t<div class=\"elementor-widget-container\">\n\t\t\t\t\t\t\t\t\t<p style=\"border-style: solid; border-color: #d9d9e3; --tw-border-spacing-x: 0; --tw-border-spacing-y: 0; --tw-translate-x: 0; --tw-translate-y: 0; --tw-rotate: 0; --tw-skew-x: 0; --tw-skew-y: 0; --tw-scale-x: 1; --tw-scale-y: 1; --tw-scroll-snap-strictness: proximity; --tw-ring-offset-width: 0px; --tw-ring-offset-color: #fff; --tw-ring-color: rgba(59,130,246,0.5); --tw-ring-offset-shadow: 0 0 transparent; --tw-ring-shadow: 0 0 transparent; --tw-shadow: 0 0 transparent; --tw-shadow-colored: 0 0 transparent; margin-bottom: 0px;\">Nuestra misi\u00f3n en Mistral Offshore Consulting es ayudar a los clientes a navegar por el complejo mundo de las energ\u00edas renovables en alta mar y minimizar los riesgos a trav\u00e9s de servicios integrales de gesti\u00f3n de contratos y evaluaci\u00f3n de riesgos. Entendemos que los proyectos de energ\u00eda renovable en alta mar pueden ser complejos y riesgosos, y estamos dedicados a apoyar a nuestros clientes en cada paso del camino. Nuestros servicios incluyen revisi\u00f3n y negociaci\u00f3n de contratos, desarrollo de estrategias de adquisiciones y selecci\u00f3n de contratistas, y apoyo en la implementaci\u00f3n y gesti\u00f3n de contratos. Tambi\u00e9n brindamos asesoramiento y apoyo en la evaluaci\u00f3n y gesti\u00f3n de riesgos, ayudando a los clientes a identificar y mitigar los riesgos potenciales relacionados con los contratos y otros aspectos de sus proyectos. Al brindar orientaci\u00f3n experta y soluciones innovadoras, nuestro objetivo es ayudar a nuestros clientes a tener \u00e9xito en la industria de energ\u00eda renovable en alta mar y contribuir a la transici\u00f3n hacia un futuro energ\u00e9tico m\u00e1s sostenible.<\/p><p>\u00a0<\/p>\t\t\t\t\t\t\t\t<\/div>\n\t\t\t\t<\/div>\n\t\t\t\t\t<\/div>\n\t\t<\/div>\n\t\t\t\t\t<\/div>\n\t\t<\/section>\n\t\t\t\t<section class=\"elementor-section elementor-top-section elementor-element elementor-element-cde0efe elementor-section-content-middle elementor-section-boxed elementor-section-height-default elementor-section-height-default\" data-id=\"cde0efe\" data-element_type=\"section\" data-e-type=\"section\" data-settings=\"{&quot;background_background&quot;:&quot;classic&quot;}\">\n\t\t\t\t\t\t<div class=\"elementor-container elementor-column-gap-default\">\n\t\t\t\t\t<div class=\"elementor-column elementor-col-100 elementor-top-column elementor-element elementor-element-8f2eeb9\" data-id=\"8f2eeb9\" data-element_type=\"column\" data-e-type=\"column\">\n\t\t\t<div class=\"elementor-widget-wrap elementor-element-populated\">\n\t\t\t\t\t\t<div class=\"elementor-element elementor-element-322bb4e elementor-widget elementor-widget-heading\" data-id=\"322bb4e\" data-element_type=\"widget\" data-e-type=\"widget\" data-widget_type=\"heading.default\">\n\t\t\t\t<div class=\"elementor-widget-container\">\n\t\t\t\t\t<h2 class=\"elementor-heading-title elementor-size-default\">Contacta con nosotros<\/h2>\t\t\t\t<\/div>\n\t\t\t\t<\/div>\n\t\t\t\t<div class=\"elementor-element elementor-element-63eaa9b elementor-widget elementor-widget-text-editor\" data-id=\"63eaa9b\" data-element_type=\"widget\" data-e-type=\"widget\" data-widget_type=\"text-editor.default\">\n\t\t\t\t<div class=\"elementor-widget-container\">\n\t\t\t\t\t\t\t\t\t<p>No permitas gesti\u00f3n de contratos y la evaluaci\u00f3n de riesgos te detengan: perm\u00edtenos ayudarte en cada paso del camino. Ponte en contacto con nosotros para obtener m\u00e1s informaci\u00f3n.<\/p>\t\t\t\t\t\t\t\t<\/div>\n\t\t\t\t<\/div>\n\t\t\t\t<div class=\"elementor-element elementor-element-5cc4301 elementor-align-center elementor-widget elementor-widget-button\" data-id=\"5cc4301\" data-element_type=\"widget\" data-e-type=\"widget\" data-widget_type=\"button.default\">\n\t\t\t\t<div class=\"elementor-widget-container\">\n\t\t\t\t\t\t\t\t\t<div class=\"elementor-button-wrapper\">\n\t\t\t\t\t<a class=\"elementor-button elementor-button-link elementor-size-sm\" href=\"https:\/\/mistraloffshore.com\/es\/contact\/\">\n\t\t\t\t\t\t<span class=\"elementor-button-content-wrapper\">\n\t\t\t\t\t\t\t\t\t<span class=\"elementor-button-text\">Contactanos<\/span>\n\t\t\t\t\t<\/span>\n\t\t\t\t\t<\/a>\n\t\t\t\t<\/div>\n\t\t\t\t\t\t\t\t<\/div>\n\t\t\t\t<\/div>\n\t\t\t\t\t<\/div>\n\t\t<\/div>\n\t\t\t\t\t<\/div>\n\t\t<\/section>\n\t\t\t\t<\/div>","protected":false},"excerpt":{"rendered":"<p>Who are we? Our Mission Our mission at Mistral Offshore Consulting is to help clients navigate the complex world of offshore renewable energy and minimize risks through comprehensive contract management and risk assessment services. We understand that offshore renewable energy projects can be complex and risky endeavors, and we are dedicated to supporting our clients [&hellip;]<\/p>\n","protected":false},"author":1,"featured_media":0,"parent":0,"menu_order":0,"comment_status":"closed","ping_status":"closed","template":"","meta":{"nf_dc_page":"","_monsterinsights_skip_tracking":false,"_monsterinsights_sitenote_active":false,"_monsterinsights_sitenote_note":"","_monsterinsights_sitenote_category":0,"site-sidebar-layout":"no-sidebar","site-content-layout":"page-builder","ast-site-content-layout":"default","site-content-style":"default","site-sidebar-style":"default","ast-global-header-display":"","ast-banner-title-visibility":"","ast-main-header-display":"","ast-hfb-above-header-display":"","ast-hfb-below-header-display":"","ast-hfb-mobile-header-display":"","site-post-title":"disabled","ast-breadcrumbs-content":"","ast-featured-img":"disabled","footer-sml-layout":"","ast-disable-related-posts":"","theme-transparent-header-meta":"enabled","adv-header-id-meta":"","stick-header-meta":"","header-above-stick-meta":"","header-main-stick-meta":"","header-below-stick-meta":"","astra-migrate-meta-layouts":"default","ast-page-background-enabled":"default","ast-page-background-meta":{"desktop":{"background-color":"var(--ast-global-color-4)","background-image":"","background-repeat":"repeat","background-position":"center center","background-size":"auto","background-attachment":"scroll","background-type":"","background-media":"","overlay-type":"","overlay-color":"","overlay-opacity":"","overlay-gradient":""},"tablet":{"background-color":"","background-image":"","background-repeat":"repeat","background-position":"center center","background-size":"auto","background-attachment":"scroll","background-type":"","background-media":"","overlay-type":"","overlay-color":"","overlay-opacity":"","overlay-gradient":""},"mobile":{"background-color":"","background-image":"","background-repeat":"repeat","background-position":"center center","background-size":"auto","background-attachment":"scroll","background-type":"","background-media":"","overlay-type":"","overlay-color":"","overlay-opacity":"","overlay-gradient":""}},"ast-content-background-meta":{"desktop":{"background-color":"var(--ast-global-color-5)","background-image":"","background-repeat":"repeat","background-position":"center center","background-size":"auto","background-attachment":"scroll","background-type":"","background-media":"","overlay-type":"","overlay-color":"","overlay-opacity":"","overlay-gradient":""},"tablet":{"background-color":"var(--ast-global-color-5)","background-image":"","background-repeat":"repeat","background-position":"center center","background-size":"auto","background-attachment":"scroll","background-type":"","background-media":"","overlay-type":"","overlay-color":"","overlay-opacity":"","overlay-gradient":""},"mobile":{"background-color":"var(--ast-global-color-5)","background-image":"","background-repeat":"repeat","background-position":"center center","background-size":"auto","background-attachment":"scroll","background-type":"","background-media":"","overlay-type":"","overlay-color":"","overlay-opacity":"","overlay-gradient":""}},"footnotes":""},"class_list":["post-1710","page","type-page","status-publish","hentry"],"yoast_head":"<!-- This site is optimized with the Yoast SEO plugin v27.4 - https:\/\/yoast.com\/product\/yoast-seo-wordpress\/ -->\n<title>About - Mistral Offshore<\/title>\n<meta name=\"robots\" content=\"index, follow, max-snippet:-1, max-image-preview:large, max-video-preview:-1\" \/>\n<link rel=\"canonical\" href=\"https:\/\/mistraloffshore.com\/es\/about\/\" \/>\n<meta property=\"og:locale\" content=\"es_ES\" \/>\n<meta property=\"og:type\" content=\"article\" \/>\n<meta property=\"og:title\" content=\"About - Mistral Offshore\" \/>\n<meta property=\"og:description\" content=\"Who are we? Our Mission Our mission at Mistral Offshore Consulting is to help clients navigate the complex world of offshore renewable energy and minimize risks through comprehensive contract management and risk assessment services. We understand that offshore renewable energy projects can be complex and risky endeavors, and we are dedicated to supporting our clients [&hellip;]\" \/>\n<meta property=\"og:url\" content=\"https:\/\/mistraloffshore.com\/es\/about\/\" \/>\n<meta property=\"og:site_name\" content=\"Mistral Offshore\" \/>\n<meta property=\"article:modified_time\" content=\"2023-01-08T23:00:00+00:00\" \/>\n<meta property=\"og:image\" content=\"https:\/\/mistraloffshore.com\/wp-content\/uploads\/2023\/01\/wave-transparent-smashing-2049985-1024x682.webp\" \/>\n<meta name=\"twitter:card\" content=\"summary_large_image\" \/>\n<meta name=\"twitter:label1\" content=\"Tiempo de lectura\" \/>\n\t<meta name=\"twitter:data1\" content=\"1 minuto\" \/>\n<script type=\"application\/ld+json\" class=\"yoast-schema-graph\">{\"@context\":\"https:\\\/\\\/schema.org\",\"@graph\":[{\"@type\":\"WebPage\",\"@id\":\"https:\\\/\\\/mistraloffshore.com\\\/about\\\/\",\"url\":\"https:\\\/\\\/mistraloffshore.com\\\/about\\\/\",\"name\":\"About - Mistral Offshore\",\"isPartOf\":{\"@id\":\"https:\\\/\\\/mistraloffshore.com\\\/#website\"},\"primaryImageOfPage\":{\"@id\":\"https:\\\/\\\/mistraloffshore.com\\\/about\\\/#primaryimage\"},\"image\":{\"@id\":\"https:\\\/\\\/mistraloffshore.com\\\/about\\\/#primaryimage\"},\"thumbnailUrl\":\"https:\\\/\\\/mistraloffshore.com\\\/wp-content\\\/uploads\\\/2023\\\/01\\\/wave-transparent-smashing-2049985-1024x682.webp\",\"datePublished\":\"2021-11-21T15:14:19+00:00\",\"dateModified\":\"2023-01-08T23:00:00+00:00\",\"breadcrumb\":{\"@id\":\"https:\\\/\\\/mistraloffshore.com\\\/about\\\/#breadcrumb\"},\"inLanguage\":\"es\",\"potentialAction\":[{\"@type\":\"ReadAction\",\"target\":[\"https:\\\/\\\/mistraloffshore.com\\\/about\\\/\"]}]},{\"@type\":\"ImageObject\",\"inLanguage\":\"es\",\"@id\":\"https:\\\/\\\/mistraloffshore.com\\\/about\\\/#primaryimage\",\"url\":\"https:\\\/\\\/mistraloffshore.com\\\/wp-content\\\/uploads\\\/2023\\\/01\\\/wave-transparent-smashing-2049985-1024x682.webp\",\"contentUrl\":\"https:\\\/\\\/mistraloffshore.com\\\/wp-content\\\/uploads\\\/2023\\\/01\\\/wave-transparent-smashing-2049985-1024x682.webp\"},{\"@type\":\"BreadcrumbList\",\"@id\":\"https:\\\/\\\/mistraloffshore.com\\\/about\\\/#breadcrumb\",\"itemListElement\":[{\"@type\":\"ListItem\",\"position\":1,\"name\":\"Home\",\"item\":\"https:\\\/\\\/mistraloffshore.com\\\/\"},{\"@type\":\"ListItem\",\"position\":2,\"name\":\"About\"}]},{\"@type\":\"WebSite\",\"@id\":\"https:\\\/\\\/mistraloffshore.com\\\/#website\",\"url\":\"https:\\\/\\\/mistraloffshore.com\\\/\",\"name\":\"Mistral Offshore\",\"description\":\"Navigating Offshore Energy\",\"publisher\":{\"@id\":\"https:\\\/\\\/mistraloffshore.com\\\/#organization\"},\"potentialAction\":[{\"@type\":\"SearchAction\",\"target\":{\"@type\":\"EntryPoint\",\"urlTemplate\":\"https:\\\/\\\/mistraloffshore.com\\\/?s={search_term_string}\"},\"query-input\":{\"@type\":\"PropertyValueSpecification\",\"valueRequired\":true,\"valueName\":\"search_term_string\"}}],\"inLanguage\":\"es\"},{\"@type\":\"Organization\",\"@id\":\"https:\\\/\\\/mistraloffshore.com\\\/#organization\",\"name\":\"Mistral Offshore\",\"url\":\"https:\\\/\\\/mistraloffshore.com\\\/\",\"logo\":{\"@type\":\"ImageObject\",\"inLanguage\":\"es\",\"@id\":\"https:\\\/\\\/mistraloffshore.com\\\/#\\\/schema\\\/logo\\\/image\\\/\",\"url\":\"https:\\\/\\\/i0.wp.com\\\/mistraloffshore.com\\\/wp-content\\\/uploads\\\/2023\\\/09\\\/cropped-cropped-logo-01-1-e1693899117307.png?fit=566%2C344&ssl=1\",\"contentUrl\":\"https:\\\/\\\/i0.wp.com\\\/mistraloffshore.com\\\/wp-content\\\/uploads\\\/2023\\\/09\\\/cropped-cropped-logo-01-1-e1693899117307.png?fit=566%2C344&ssl=1\",\"width\":566,\"height\":344,\"caption\":\"Mistral Offshore\"},\"image\":{\"@id\":\"https:\\\/\\\/mistraloffshore.com\\\/#\\\/schema\\\/logo\\\/image\\\/\"}}]}<\/script>\n<!-- \/ Yoast SEO plugin. -->","yoast_head_json":{"title":"About - Mistral Offshore","robots":{"index":"index","follow":"follow","max-snippet":"max-snippet:-1","max-image-preview":"max-image-preview:large","max-video-preview":"max-video-preview:-1"},"canonical":"https:\/\/mistraloffshore.com\/es\/about\/","og_locale":"es_ES","og_type":"article","og_title":"About - Mistral Offshore","og_description":"Who are we? Our Mission Our mission at Mistral Offshore Consulting is to help clients navigate the complex world of offshore renewable energy and minimize risks through comprehensive contract management and risk assessment services. We understand that offshore renewable energy projects can be complex and risky endeavors, and we are dedicated to supporting our clients [&hellip;]","og_url":"https:\/\/mistraloffshore.com\/es\/about\/","og_site_name":"Mistral Offshore","article_modified_time":"2023-01-08T23:00:00+00:00","og_image":[{"url":"https:\/\/mistraloffshore.com\/wp-content\/uploads\/2023\/01\/wave-transparent-smashing-2049985-1024x682.webp","type":"","width":"","height":""}],"twitter_card":"summary_large_image","twitter_misc":{"Tiempo de lectura":"1 minuto"},"schema":{"@context":"https:\/\/schema.org","@graph":[{"@type":"WebPage","@id":"https:\/\/mistraloffshore.com\/about\/","url":"https:\/\/mistraloffshore.com\/about\/","name":"About - Mistral Offshore","isPartOf":{"@id":"https:\/\/mistraloffshore.com\/#website"},"primaryImageOfPage":{"@id":"https:\/\/mistraloffshore.com\/about\/#primaryimage"},"image":{"@id":"https:\/\/mistraloffshore.com\/about\/#primaryimage"},"thumbnailUrl":"https:\/\/mistraloffshore.com\/wp-content\/uploads\/2023\/01\/wave-transparent-smashing-2049985-1024x682.webp","datePublished":"2021-11-21T15:14:19+00:00","dateModified":"2023-01-08T23:00:00+00:00","breadcrumb":{"@id":"https:\/\/mistraloffshore.com\/about\/#breadcrumb"},"inLanguage":"es","potentialAction":[{"@type":"ReadAction","target":["https:\/\/mistraloffshore.com\/about\/"]}]},{"@type":"ImageObject","inLanguage":"es","@id":"https:\/\/mistraloffshore.com\/about\/#primaryimage","url":"https:\/\/mistraloffshore.com\/wp-content\/uploads\/2023\/01\/wave-transparent-smashing-2049985-1024x682.webp","contentUrl":"https:\/\/mistraloffshore.com\/wp-content\/uploads\/2023\/01\/wave-transparent-smashing-2049985-1024x682.webp"},{"@type":"BreadcrumbList","@id":"https:\/\/mistraloffshore.com\/about\/#breadcrumb","itemListElement":[{"@type":"ListItem","position":1,"name":"Home","item":"https:\/\/mistraloffshore.com\/"},{"@type":"ListItem","position":2,"name":"About"}]},{"@type":"WebSite","@id":"https:\/\/mistraloffshore.com\/#website","url":"https:\/\/mistraloffshore.com\/","name":"Mistral Offshore","description":"Navigating Offshore Energy","publisher":{"@id":"https:\/\/mistraloffshore.com\/#organization"},"potentialAction":[{"@type":"SearchAction","target":{"@type":"EntryPoint","urlTemplate":"https:\/\/mistraloffshore.com\/?s={search_term_string}"},"query-input":{"@type":"PropertyValueSpecification","valueRequired":true,"valueName":"search_term_string"}}],"inLanguage":"es"},{"@type":"Organization","@id":"https:\/\/mistraloffshore.com\/#organization","name":"Mistral Offshore","url":"https:\/\/mistraloffshore.com\/","logo":{"@type":"ImageObject","inLanguage":"es","@id":"https:\/\/mistraloffshore.com\/#\/schema\/logo\/image\/","url":"https:\/\/i0.wp.com\/mistraloffshore.com\/wp-content\/uploads\/2023\/09\/cropped-cropped-logo-01-1-e1693899117307.png?fit=566%2C344&ssl=1","contentUrl":"https:\/\/i0.wp.com\/mistraloffshore.com\/wp-content\/uploads\/2023\/09\/cropped-cropped-logo-01-1-e1693899117307.png?fit=566%2C344&ssl=1","width":566,"height":344,"caption":"Mistral Offshore"},"image":{"@id":"https:\/\/mistraloffshore.com\/#\/schema\/logo\/image\/"}}]}},"jetpack_sharing_enabled":true,"_links":{"self":[{"href":"https:\/\/mistraloffshore.com\/es\/wp-json\/wp\/v2\/pages\/1710","targetHints":{"allow":["GET"]}}],"collection":[{"href":"https:\/\/mistraloffshore.com\/es\/wp-json\/wp\/v2\/pages"}],"about":[{"href":"https:\/\/mistraloffshore.com\/es\/wp-json\/wp\/v2\/types\/page"}],"author":[{"embeddable":true,"href":"https:\/\/mistraloffshore.com\/es\/wp-json\/wp\/v2\/users\/1"}],"replies":[{"embeddable":true,"href":"https:\/\/mistraloffshore.com\/es\/wp-json\/wp\/v2\/comments?post=1710"}],"version-history":[{"count":7,"href":"https:\/\/mistraloffshore.com\/es\/wp-json\/wp\/v2\/pages\/1710\/revisions"}],"predecessor-version":[{"id":1954,"href":"https:\/\/mistraloffshore.com\/es\/wp-json\/wp\/v2\/pages\/1710\/revisions\/1954"}],"wp:attachment":[{"href":"https:\/\/mistraloffshore.com\/es\/wp-json\/wp\/v2\/media?parent=1710"}],"curies":[{"name":"wp","href":"https:\/\/api.w.org\/{rel}","templated":true}]}}